{"id":798,"date":"2023-08-08T20:48:44","date_gmt":"2023-08-08T18:48:44","guid":{"rendered":"https:\/\/cammarsens.monsieurcommercial.fr\/?post_type=product&#038;p=798"},"modified":"2023-08-08T20:48:45","modified_gmt":"2023-08-08T18:48:45","slug":"cp-parfums-invictus-50ml","status":"publish","type":"product","link":"https:\/\/parfumeriesofragrance.fr\/index.php\/produit\/cp-parfums-invictus-50ml\/","title":{"rendered":"CP Parfums &#8211; Invictus 50ml"},"content":{"rendered":"<p class=\"sqsrte-small\">Unvictus Collection Priv\u00e9e Paris est un choc ph\u00e9nom\u00e9nal entre fra\u00eecheur cinglante et sensualit\u00e9 animale.<\/p>\n<p class=\"\">Fra\u00eecheur cinglante et sensualit\u00e9 animale. Bois\u00e9 frais h\u00e9ro\u00efque.<\/p>\n","protected":false},"excerpt":{"rendered":"<ul data-rte-list=\"default\">\n<li>\n<p class=\"sqsrte-small\">Note de t\u00eate : Pamplemousse, accord marin<\/p>\n<\/li>\n<li>\n<p class=\"\">Note de c\u0153ur : Laurier, bois ga\u00efac<\/p>\n<\/li>\n<li>\n<p class=\"\">Note de fond : Notes patchouli, notes ambr\u00e9s<\/p>\n<\/li>\n<\/ul>\n","protected":false},"featured_media":799,"comment_status":"open","ping_status":"closed","template":"","meta":[],"product_cat":[27,32],"product_tag":[31,30,33],"_links":{"self":[{"href":"https:\/\/parfumeriesofragrance.fr\/index.php\/wp-json\/wp\/v2\/product\/798"}],"collection":[{"href":"https:\/\/parfumeriesofragrance.fr\/index.php\/wp-json\/wp\/v2\/product"}],"about":[{"href":"https:\/\/parfumeriesofragrance.fr\/index.php\/wp-json\/wp\/v2\/types\/product"}],"replies":[{"embeddable":true,"href":"https:\/\/parfumeriesofragrance.fr\/index.php\/wp-json\/wp\/v2\/comments?post=798"}],"wp:featuredmedia":[{"embeddable":true,"href":"https:\/\/parfumeriesofragrance.fr\/index.php\/wp-json\/wp\/v2\/media\/799"}],"wp:attachment":[{"href":"https:\/\/parfumeriesofragrance.fr\/index.php\/wp-json\/wp\/v2\/media?parent=798"}],"wp:term":[{"taxonomy":"product_cat","embeddable":true,"href":"https:\/\/parfumeriesofragrance.fr\/index.php\/wp-json\/wp\/v2\/product_cat?post=798"},{"taxonomy":"product_tag","embeddable":true,"href":"https:\/\/parfumeriesofragrance.fr\/index.php\/wp-json\/wp\/v2\/product_tag?post=798"}],"curies":[{"name":"wp","href":"https:\/\/api.w.org\/{rel}","templated":true}]}}