{"id":741,"date":"2023-08-02T21:16:33","date_gmt":"2023-08-02T19:16:33","guid":{"rendered":"https:\/\/cammarsens.monsieurcommercial.fr\/?post_type=product&#038;p=741"},"modified":"2023-08-08T20:06:20","modified_gmt":"2023-08-08T18:06:20","slug":"cp-parfums-bouquet-50ml","status":"publish","type":"product","link":"https:\/\/parfumeriesofragrance.fr\/index.php\/produit\/cp-parfums-bouquet-50ml\/","title":{"rendered":"CP Parfums &#8211; Bouquet 50ml"},"content":{"rendered":"<p>Bouquet Somptueux \u00e9voque un imprim\u00e9 floral dense et subtil \u00e0 la fois.<\/p>\n<p>C\u2019est une fragrance capiteuse, opulente et captivante, une explosion de notes parfaitement accord\u00e9es et \u00e9quilibr\u00e9es.<\/p>\n","protected":false},"excerpt":{"rendered":"<p>Famille olfactive: Fleurie, Oriental<\/p>\n<p>Notes de t\u00eate: Essence de Bergamote, Prune, Pomme<br \/>\nNotes de c\u0153ur: Notes Vertes, Tub\u00e9reuse, Jasmin, Essence de Ylang, Essence de Patchouli, Essence de G\u00e9ranium<br \/>\nNotes de fond: Absolu Vanille, Musc<\/p>\n","protected":false},"featured_media":742,"comment_status":"open","ping_status":"closed","template":"","meta":[],"product_cat":[15],"product_tag":[],"_links":{"self":[{"href":"https:\/\/parfumeriesofragrance.fr\/index.php\/wp-json\/wp\/v2\/product\/741"}],"collection":[{"href":"https:\/\/parfumeriesofragrance.fr\/index.php\/wp-json\/wp\/v2\/product"}],"about":[{"href":"https:\/\/parfumeriesofragrance.fr\/index.php\/wp-json\/wp\/v2\/types\/product"}],"replies":[{"embeddable":true,"href":"https:\/\/parfumeriesofragrance.fr\/index.php\/wp-json\/wp\/v2\/comments?post=741"}],"wp:featuredmedia":[{"embeddable":true,"href":"https:\/\/parfumeriesofragrance.fr\/index.php\/wp-json\/wp\/v2\/media\/742"}],"wp:attachment":[{"href":"https:\/\/parfumeriesofragrance.fr\/index.php\/wp-json\/wp\/v2\/media?parent=741"}],"wp:term":[{"taxonomy":"product_cat","embeddable":true,"href":"https:\/\/parfumeriesofragrance.fr\/index.php\/wp-json\/wp\/v2\/product_cat?post=741"},{"taxonomy":"product_tag","embeddable":true,"href":"https:\/\/parfumeriesofragrance.fr\/index.php\/wp-json\/wp\/v2\/product_tag?post=741"}],"curies":[{"name":"wp","href":"https:\/\/api.w.org\/{rel}","templated":true}]}}