{"id":713,"date":"2023-07-27T17:57:05","date_gmt":"2023-07-27T15:57:05","guid":{"rendered":"https:\/\/cammarsens.monsieurcommercial.fr\/?post_type=product&#038;p=713"},"modified":"2023-07-27T17:57:06","modified_gmt":"2023-07-27T15:57:06","slug":"cp-parfums-scandale-50ml","status":"publish","type":"product","link":"https:\/\/parfumeriesofragrance.fr\/index.php\/produit\/cp-parfums-scandale-50ml\/","title":{"rendered":"CP Parfums &#8211; Scandale 50ml"},"content":{"rendered":"","protected":false},"excerpt":{"rendered":"<p>Fragrance Collection Priv\u00e9e Scandal 50ml est un parfum luxueux et sensuel, qui \u00e9voque les parfums embl\u00e9matiques du pass\u00e9. Les codes de l\u2019\u00e9l\u00e9gance f\u00e9minine ont \u00e9t\u00e9 bouscul\u00e9s. Vous pouvez vous d\u00e9lecter selon votre caract\u00e8re et votre sensibilit\u00e9, vous habiller et vous soigner pour r\u00e9v\u00e9ler qui vous \u00eates vraiment.<\/p>\n","protected":false},"featured_media":714,"comment_status":"open","ping_status":"closed","template":"","meta":[],"product_cat":[27,28],"product_tag":[31,30,29],"_links":{"self":[{"href":"https:\/\/parfumeriesofragrance.fr\/index.php\/wp-json\/wp\/v2\/product\/713"}],"collection":[{"href":"https:\/\/parfumeriesofragrance.fr\/index.php\/wp-json\/wp\/v2\/product"}],"about":[{"href":"https:\/\/parfumeriesofragrance.fr\/index.php\/wp-json\/wp\/v2\/types\/product"}],"replies":[{"embeddable":true,"href":"https:\/\/parfumeriesofragrance.fr\/index.php\/wp-json\/wp\/v2\/comments?post=713"}],"wp:featuredmedia":[{"embeddable":true,"href":"https:\/\/parfumeriesofragrance.fr\/index.php\/wp-json\/wp\/v2\/media\/714"}],"wp:attachment":[{"href":"https:\/\/parfumeriesofragrance.fr\/index.php\/wp-json\/wp\/v2\/media?parent=713"}],"wp:term":[{"taxonomy":"product_cat","embeddable":true,"href":"https:\/\/parfumeriesofragrance.fr\/index.php\/wp-json\/wp\/v2\/product_cat?post=713"},{"taxonomy":"product_tag","embeddable":true,"href":"https:\/\/parfumeriesofragrance.fr\/index.php\/wp-json\/wp\/v2\/product_tag?post=713"}],"curies":[{"name":"wp","href":"https:\/\/api.w.org\/{rel}","templated":true}]}}