{"id":710,"date":"2023-07-27T17:45:07","date_gmt":"2023-07-27T15:45:07","guid":{"rendered":"https:\/\/cammarsens.monsieurcommercial.fr\/?post_type=product&#038;p=710"},"modified":"2023-07-27T17:45:07","modified_gmt":"2023-07-27T15:45:07","slug":"cp-parfums-oud-50ml","status":"publish","type":"product","link":"https:\/\/parfumeriesofragrance.fr\/index.php\/produit\/cp-parfums-oud-50ml\/","title":{"rendered":"CP Parfums &#8211; Oud 50ml"},"content":{"rendered":"","protected":false},"excerpt":{"rendered":"<p>Voici l&#8217;Eau de parfum\u00a0<strong>Collection priv\u00e9e oud<\/strong><\/p>\n<p>Un parfum sophistiqu\u00e9 et intemporel adapt\u00e9 aux femmes modernes et s\u00e9duisantes.<\/p>\n<p>Ce m\u00e9lange exquis et complexe de\u00a0<strong>notes florales et bois\u00e9es<\/strong>\u00a0est con\u00e7u de mani\u00e8re unique pour captiver l&#8217;attention de ceux qui vous entourent.<\/p>\n","protected":false},"featured_media":711,"comment_status":"open","ping_status":"closed","template":"","meta":[],"product_cat":[27,32],"product_tag":[31,30,33],"_links":{"self":[{"href":"https:\/\/parfumeriesofragrance.fr\/index.php\/wp-json\/wp\/v2\/product\/710"}],"collection":[{"href":"https:\/\/parfumeriesofragrance.fr\/index.php\/wp-json\/wp\/v2\/product"}],"about":[{"href":"https:\/\/parfumeriesofragrance.fr\/index.php\/wp-json\/wp\/v2\/types\/product"}],"replies":[{"embeddable":true,"href":"https:\/\/parfumeriesofragrance.fr\/index.php\/wp-json\/wp\/v2\/comments?post=710"}],"wp:featuredmedia":[{"embeddable":true,"href":"https:\/\/parfumeriesofragrance.fr\/index.php\/wp-json\/wp\/v2\/media\/711"}],"wp:attachment":[{"href":"https:\/\/parfumeriesofragrance.fr\/index.php\/wp-json\/wp\/v2\/media?parent=710"}],"wp:term":[{"taxonomy":"product_cat","embeddable":true,"href":"https:\/\/parfumeriesofragrance.fr\/index.php\/wp-json\/wp\/v2\/product_cat?post=710"},{"taxonomy":"product_tag","embeddable":true,"href":"https:\/\/parfumeriesofragrance.fr\/index.php\/wp-json\/wp\/v2\/product_tag?post=710"}],"curies":[{"name":"wp","href":"https:\/\/api.w.org\/{rel}","templated":true}]}}