{"id":704,"date":"2023-07-25T13:08:59","date_gmt":"2023-07-25T11:08:59","guid":{"rendered":"https:\/\/cammarsens.monsieurcommercial.fr\/?post_type=product&#038;p=704"},"modified":"2023-07-25T16:35:17","modified_gmt":"2023-07-25T14:35:17","slug":"cp-parfums-kalimat-50ml","status":"publish","type":"product","link":"https:\/\/parfumeriesofragrance.fr\/index.php\/produit\/cp-parfums-kalimat-50ml\/","title":{"rendered":"CP Parfums &#8211; Kalimat 50ml"},"content":{"rendered":"","protected":false},"excerpt":{"rendered":"<ul>\n<li><em>Note de t\u00eate : Airelle, Anis, Noix de Muscade, Cannelle, Cumin<\/em><\/li>\n<li><em>Note de c\u0153ur : Bois de ga\u00efac, bois de c\u00e8dre, bois de santal, miel<\/em><\/li>\n<li><em>Note de fond :\u00a0Bois de Cachemire, musc, ambre doux, vanille, caramel\u00a0<\/em><\/li>\n<\/ul>\n","protected":false},"featured_media":705,"comment_status":"open","ping_status":"closed","template":"","meta":[],"product_cat":[27,32],"product_tag":[31,30,33],"_links":{"self":[{"href":"https:\/\/parfumeriesofragrance.fr\/index.php\/wp-json\/wp\/v2\/product\/704"}],"collection":[{"href":"https:\/\/parfumeriesofragrance.fr\/index.php\/wp-json\/wp\/v2\/product"}],"about":[{"href":"https:\/\/parfumeriesofragrance.fr\/index.php\/wp-json\/wp\/v2\/types\/product"}],"replies":[{"embeddable":true,"href":"https:\/\/parfumeriesofragrance.fr\/index.php\/wp-json\/wp\/v2\/comments?post=704"}],"wp:featuredmedia":[{"embeddable":true,"href":"https:\/\/parfumeriesofragrance.fr\/index.php\/wp-json\/wp\/v2\/media\/705"}],"wp:attachment":[{"href":"https:\/\/parfumeriesofragrance.fr\/index.php\/wp-json\/wp\/v2\/media?parent=704"}],"wp:term":[{"taxonomy":"product_cat","embeddable":true,"href":"https:\/\/parfumeriesofragrance.fr\/index.php\/wp-json\/wp\/v2\/product_cat?post=704"},{"taxonomy":"product_tag","embeddable":true,"href":"https:\/\/parfumeriesofragrance.fr\/index.php\/wp-json\/wp\/v2\/product_tag?post=704"}],"curies":[{"name":"wp","href":"https:\/\/api.w.org\/{rel}","templated":true}]}}