{"id":691,"date":"2023-07-23T20:34:13","date_gmt":"2023-07-23T18:34:13","guid":{"rendered":"https:\/\/cammarsens.monsieurcommercial.fr\/?post_type=product&#038;p=691"},"modified":"2023-07-25T16:35:17","modified_gmt":"2023-07-25T14:35:17","slug":"cp-parfums-satin-50ml","status":"publish","type":"product","link":"https:\/\/parfumeriesofragrance.fr\/index.php\/produit\/cp-parfums-satin-50ml\/","title":{"rendered":"CP Parfums &#8211; Satin 50ml"},"content":{"rendered":"<p>Le bois de oud font d\u00e9licatement sur la peau tandis que les notes gourmandes de vanille, caramel et fraise forment un ensemble magn\u00e9tique. Le d\u00e9sir est plus que br\u00fblant, chatoyant, vibrant. Sentir le Satin Gris c&#8217;est comme si le temps \u00e9tait suspendu.<\/p>\n","protected":false},"excerpt":{"rendered":"<p><b>Note de T\u00eate :<\/b>\u00a0oriental ambre<b><br \/>\nNote de C\u0153ur :\u00a0<\/b>fraise, rose bulgare, violette<br \/>\n<b>Note de Fond :\u00a0<\/b>rose de Turquie<\/p>\n","protected":false},"featured_media":692,"comment_status":"open","ping_status":"closed","template":"","meta":[],"product_cat":[15],"product_tag":[],"_links":{"self":[{"href":"https:\/\/parfumeriesofragrance.fr\/index.php\/wp-json\/wp\/v2\/product\/691"}],"collection":[{"href":"https:\/\/parfumeriesofragrance.fr\/index.php\/wp-json\/wp\/v2\/product"}],"about":[{"href":"https:\/\/parfumeriesofragrance.fr\/index.php\/wp-json\/wp\/v2\/types\/product"}],"replies":[{"embeddable":true,"href":"https:\/\/parfumeriesofragrance.fr\/index.php\/wp-json\/wp\/v2\/comments?post=691"}],"wp:featuredmedia":[{"embeddable":true,"href":"https:\/\/parfumeriesofragrance.fr\/index.php\/wp-json\/wp\/v2\/media\/692"}],"wp:attachment":[{"href":"https:\/\/parfumeriesofragrance.fr\/index.php\/wp-json\/wp\/v2\/media?parent=691"}],"wp:term":[{"taxonomy":"product_cat","embeddable":true,"href":"https:\/\/parfumeriesofragrance.fr\/index.php\/wp-json\/wp\/v2\/product_cat?post=691"},{"taxonomy":"product_tag","embeddable":true,"href":"https:\/\/parfumeriesofragrance.fr\/index.php\/wp-json\/wp\/v2\/product_tag?post=691"}],"curies":[{"name":"wp","href":"https:\/\/api.w.org\/{rel}","templated":true}]}}