{"id":658,"date":"2023-07-21T22:54:29","date_gmt":"2023-07-21T20:54:29","guid":{"rendered":"https:\/\/cammarsens.monsieurcommercial.fr\/?post_type=product&#038;p=658"},"modified":"2023-07-25T16:35:18","modified_gmt":"2023-07-25T14:35:18","slug":"cp-parfums-cherry-50ml-3","status":"publish","type":"product","link":"https:\/\/parfumeriesofragrance.fr\/index.php\/produit\/cp-parfums-cherry-50ml-3\/","title":{"rendered":"CP Parfums &#8211; Cherry 50ml"},"content":{"rendered":"<p>Cherry de Collection Priv\u00e9e Paris croise l\u2019innocence et l\u2019indulgence avec une ouverture qui capture la perfection classique du fruit exotique de la cerise \u2013 la chair m\u00fbre de la cerise noire d\u00e9goulinant de liqueur de cerise scintille avec une touche taquine d\u2019amande am\u00e8re.<\/p>\n<p>Le c\u0153ur \u00e9clate en vagues de cerises, sucr\u00e9es et acidul\u00e9es. Le Sirop de Griotte exprime la mac\u00e9ration textur\u00e9e de fruits voluptueux tandis que des fleurs \u00e0 couper le souffle, la Rose Turque et la Jasmine Sambac, p\u00e9n\u00e8trent les sens et l\u2019\u00e2me.<\/p>\n","protected":false},"excerpt":{"rendered":"<p>Note de\u00a0t\u00eate :\u00a0\u00a0Absolu de rose, amande am\u00e8re, cerise noire<\/p>\n<p>Note de C\u0153ur : Cerise griotte, prune, rose de Turquie, jasmin sambac<\/p>\n<p>Note de fond :\u00a0F\u00e8ve de tonka, vanille, baumier du P\u00e9rou, cannelle, patchouli, v\u00e9tiver<\/p>\n","protected":false},"featured_media":659,"comment_status":"open","ping_status":"closed","template":"","meta":[],"product_cat":[27,28],"product_tag":[31,30,29],"_links":{"self":[{"href":"https:\/\/parfumeriesofragrance.fr\/index.php\/wp-json\/wp\/v2\/product\/658"}],"collection":[{"href":"https:\/\/parfumeriesofragrance.fr\/index.php\/wp-json\/wp\/v2\/product"}],"about":[{"href":"https:\/\/parfumeriesofragrance.fr\/index.php\/wp-json\/wp\/v2\/types\/product"}],"replies":[{"embeddable":true,"href":"https:\/\/parfumeriesofragrance.fr\/index.php\/wp-json\/wp\/v2\/comments?post=658"}],"wp:featuredmedia":[{"embeddable":true,"href":"https:\/\/parfumeriesofragrance.fr\/index.php\/wp-json\/wp\/v2\/media\/659"}],"wp:attachment":[{"href":"https:\/\/parfumeriesofragrance.fr\/index.php\/wp-json\/wp\/v2\/media?parent=658"}],"wp:term":[{"taxonomy":"product_cat","embeddable":true,"href":"https:\/\/parfumeriesofragrance.fr\/index.php\/wp-json\/wp\/v2\/product_cat?post=658"},{"taxonomy":"product_tag","embeddable":true,"href":"https:\/\/parfumeriesofragrance.fr\/index.php\/wp-json\/wp\/v2\/product_tag?post=658"}],"curies":[{"name":"wp","href":"https:\/\/api.w.org\/{rel}","templated":true}]}}