{"id":365,"date":"2020-03-10T21:16:55","date_gmt":"2020-03-10T20:16:55","guid":{"rendered":"https:\/\/demo.creativethemes.com\/blocksy\/modern-shop\/?page_id=3"},"modified":"2023-07-13T21:24:45","modified_gmt":"2023-07-13T19:24:45","slug":"privacy-policy","status":"publish","type":"page","link":"https:\/\/parfumeriesofragrance.fr\/index.php\/privacy-policy\/","title":{"rendered":"Conditions G\u00e9n\u00e9rales de Vente"},"content":{"rendered":"\n<h2 class=\"wp-block-heading\"><strong>Termes et conditions<\/strong><\/h2>\n\n\n\n<p>Bienvenue chez SoFragrance.fr!<\/p>\n\n\n\n<p>Ces termes et conditions d\u00e9crivent les r\u00e8gles et r\u00e8glements pour l\u2019utilisation du site Web de SoFragrance, situ\u00e9 \u00e0 https\/\/:www.&nbsp;SoFragrance.fr.<\/p>\n\n\n\n<p>En acc\u00e9dant \u00e0 ce site Web, nous supposons que vous acceptez ces termes et conditions.&nbsp;Ne continuez pas \u00e0 utiliser SoFragrance.fr si vous n\u2019acceptez pas de prendre tous les termes et conditions \u00e9nonc\u00e9s sur cette page.<\/p>\n\n\n\n<p>La terminologie suivante s\u2019applique aux pr\u00e9sentes conditions g\u00e9n\u00e9rales, \u00e0 la d\u00e9claration de confidentialit\u00e9 et \u00e0 l\u2019avis de non-responsabilit\u00e9 et \u00e0 tous les accords: \u00ab&nbsp;Client&nbsp;\u00bb, \u00ab&nbsp;Vous&nbsp;\u00bb et \u00ab&nbsp;Votre&nbsp;\u00bb font r\u00e9f\u00e9rence \u00e0 vous, \u00e0 la personne connect\u00e9e \u00e0 ce site Web et conforme aux termes et conditions de la Soci\u00e9t\u00e9.&nbsp;\u00ab La Soci\u00e9t\u00e9 \u00bb, \u00ab Nous-m\u00eames \u00bb, \u00ab Nous \u00bb, \u00ab Notre \u00bb et \u00ab Nos \u00bb font r\u00e9f\u00e9rence \u00e0 notre Soci\u00e9t\u00e9.&nbsp;\u00ab Partie \u00bb, \u00ab Parties \u00bb ou \u00ab Nous \u00bb d\u00e9signent \u00e0 la fois le Client et nous-m\u00eames.&nbsp;Tous les termes se r\u00e9f\u00e8rent \u00e0 l\u2019offre, l\u2019acceptation et la consid\u00e9ration du paiement n\u00e9cessaire pour entreprendre le processus de notre assistance au Client de la mani\u00e8re la plus appropri\u00e9e dans le but expr\u00e8s de r\u00e9pondre aux besoins du Client en ce qui concerne la fourniture des services d\u00e9clar\u00e9s de la Soci\u00e9t\u00e9, conform\u00e9ment et sous r\u00e9serve de la loi en vigueur de fr.&nbsp;Toute utilisation de la terminologie ci-dessus ou d\u2019autres mots au singulier, au pluriel, en majuscules et\/ou il\/elle, est consid\u00e9r\u00e9e comme interchangeable et donc comme s\u2019y r\u00e9f\u00e9rant.<\/p>\n\n\n\n<h3 class=\"wp-block-heading\"><strong>Cookies<\/strong><\/h3>\n\n\n\n<p>Nous utilisons des cookies.&nbsp;En acc\u00e9dant \u00e0 SoFragrance.fr, vous acceptez d\u2019utiliser des cookies conform\u00e9ment \u00e0 la politique de confidentialit\u00e9 de SoFragrance.<\/p>\n\n\n\n<p>La plupart des sites Web interactifs utilisent des cookies pour nous permettre de r\u00e9cup\u00e9rer les d\u00e9tails de l\u2019utilisateur pour chaque visite.&nbsp;Les cookies sont utilis\u00e9s par notre site Web pour activer la fonctionnalit\u00e9 de certaines zones afin de faciliter la visite des personnes sur notre site Web.&nbsp;Certains de nos partenaires affili\u00e9s\/publicitaires peuvent \u00e9galement utiliser des cookies.<\/p>\n\n\n\n<h3 class=\"wp-block-heading\"><strong>Licence<\/strong><\/h3>\n\n\n\n<p>Sauf indication contraire, SoFragrance et\/ou ses conc\u00e9dants de licence d\u00e9tiennent les droits de propri\u00e9t\u00e9 intellectuelle sur tout le mat\u00e9riel sur SoFragrance.fr.&nbsp;Tous les droits de propri\u00e9t\u00e9 intellectuelle sont r\u00e9serv\u00e9s.&nbsp;Vous pouvez y acc\u00e9der \u00e0 partir de SoFragrance.fr pour votre usage personnel sous r\u00e9serve des restrictions d\u00e9finies dans les pr\u00e9sentes conditions g\u00e9n\u00e9rales.<\/p>\n\n\n\n<p>Vous ne devez pas :<\/p>\n\n\n\n<ul>\n<li>Republier du mat\u00e9riel de SoFragrance.fr<\/li>\n\n\n\n<li>Vendre, louer ou sous-licencier du mat\u00e9riel de SoFragrance.fr<\/li>\n\n\n\n<li>Reproduire, dupliquer ou copier du mat\u00e9riel \u00e0 partir de SoFragrance.fr<\/li>\n\n\n\n<li>Redistribuer le contenu de SoFragrance.fr<\/li>\n<\/ul>\n\n\n\n<p>Le pr\u00e9sent Contrat entre en vigueur \u00e0 la date des pr\u00e9sentes.&nbsp;Nos termes et conditions ont \u00e9t\u00e9 cr\u00e9\u00e9s avec l\u2019aide du&nbsp;<a href=\"https:\/\/www.termsandconditionsgenerator.com\/\" target=\"_blank\" rel=\"noopener\">g\u00e9n\u00e9rateur gratuit de termes et conditions<\/a>.<\/p>\n\n\n\n<p>Certaines parties de ce site Web offrent aux utilisateurs la possibilit\u00e9 de publier et d\u2019\u00e9changer des opinions et des informations dans certaines zones du site Web.&nbsp;SoFragrance ne filtre pas, ne modifie pas, ne publie pas et n\u2019examine pas les commentaires avant leur pr\u00e9sence sur le site.&nbsp;Les commentaires ne refl\u00e8tent pas les points de vue et opinions de SoFragrance, de ses agents et\/ou de ses soci\u00e9t\u00e9s affili\u00e9es.&nbsp;Les commentaires refl\u00e8tent les points de vue et les opinions de la personne qui affiche ses points de vue et opinions.&nbsp;Dans la mesure permise par les lois applicables, SoFragrance ne sera pas responsable des Commentaires ou de toute responsabilit\u00e9, dommages ou d\u00e9penses caus\u00e9s et\/ou subis \u00e0 la suite de toute utilisation et\/ou publication et\/ou apparition des Commentaires sur ce site.<\/p>\n\n\n\n<p>SoFragrance se r\u00e9serve le droit de surveiller tous les commentaires et de supprimer tous les commentaires qui peuvent \u00eatre consid\u00e9r\u00e9s comme inappropri\u00e9s, offensants ou qui entra\u00eenent une violation des pr\u00e9sentes conditions g\u00e9n\u00e9rales.<\/p>\n\n\n\n<p>Vous garantissez et d\u00e9clarez que :<\/p>\n\n\n\n<ul>\n<li>Vous avez le droit de publier les commentaires sur notre site Web et disposez de toutes les licences et consentements n\u00e9cessaires pour le faire;<\/li>\n\n\n\n<li>Les commentaires n\u2019empi\u00e8tent sur aucun droit de propri\u00e9t\u00e9 intellectuelle, y compris, sans s\u2019y limiter, les droits d\u2019auteur, les brevets ou les marques de commerce d\u2019un tiers;<\/li>\n\n\n\n<li>Les commentaires ne contiennent aucun mat\u00e9riel diffamatoire, calomnieux, offensant, ind\u00e9cent ou autrement ill\u00e9gal qui constitue une atteinte \u00e0 la vie priv\u00e9e.<\/li>\n\n\n\n<li>Les commentaires ne seront pas utilis\u00e9s pour solliciter ou promouvoir des affaires ou des coutumes ou pr\u00e9senter des activit\u00e9s commerciales ou ill\u00e9gales.<\/li>\n<\/ul>\n\n\n\n<p>Par les pr\u00e9sentes, vous accordez \u00e0 SoFragrance une licence non exclusive pour utiliser, reproduire, \u00e9diter et autoriser d\u2019autres personnes \u00e0 utiliser, reproduire et modifier vos Commentaires sous toutes formes, formats ou m\u00e9dias.<\/p>\n\n\n\n<h3 class=\"wp-block-heading\"><strong>Hyperliens vers notre contenu<\/strong><\/h3>\n\n\n\n<p>Les organisations suivantes peuvent cr\u00e9er un lien vers notre site Web sans autorisation \u00e9crite pr\u00e9alable :<\/p>\n\n\n\n<ul>\n<li>Organismes gouvernementaux;<\/li>\n\n\n\n<li>Moteurs;<\/li>\n\n\n\n<li>Organes de presse;<\/li>\n\n\n\n<li>Les distributeurs d\u2019annuaires en ligne peuvent cr\u00e9er un lien vers notre site Web de la m\u00eame mani\u00e8re qu\u2019ils \u00e9tablissent un lien hypertexte vers les sites Web d\u2019autres entreprises cot\u00e9es;&nbsp;et<\/li>\n\n\n\n<li>Entreprises accr\u00e9dit\u00e9es \u00e0 l\u2019\u00e9chelle du syst\u00e8me, \u00e0 l\u2019exception des organisations \u00e0 but non lucratif, des centres commerciaux caritatifs et des groupes de collecte de fonds caritatifs qui ne peuvent pas cr\u00e9er de lien hypertexte vers notre site Web.<\/li>\n<\/ul>\n\n\n\n<p>Ces organisations peuvent cr\u00e9er un lien vers notre page d\u2019accueil, vers des publications ou vers d\u2019autres informations du site Web tant que le lien: (a) n\u2019est en aucun cas trompeur;&nbsp;(b) n\u2019implique pas faussement le parrainage, l\u2019approbation ou l\u2019approbation de la partie qui \u00e9tablit le lien et de ses produits et\/ou services ;&nbsp;et (c) s\u2019inscrit dans le contexte du site de la partie liante.<\/p>\n\n\n\n<p>Nous pouvons examiner et approuver d\u2019autres demandes de liens provenant des types d\u2019organisations suivants :<\/p>\n\n\n\n<ul>\n<li>les sources d\u2019information commun\u00e9ment connues sur les consommateurs et\/ou les entreprises;<\/li>\n\n\n\n<li>dot.com sites communautaires;<\/li>\n\n\n\n<li>les associations ou autres groupes repr\u00e9sentant des organismes de bienfaisance;<\/li>\n\n\n\n<li>distributeurs d\u2019annuaires en ligne;<\/li>\n\n\n\n<li>portails Internet;<\/li>\n\n\n\n<li>cabinets comptables, juridiques et de conseil;&nbsp;et<\/li>\n\n\n\n<li>les \u00e9tablissements d\u2019enseignement et les associations professionnelles.<\/li>\n<\/ul>\n\n\n\n<p>Nous approuverons les demandes de lien de ces organisations si nous d\u00e9cidons que : (a) le lien ne nous fera pas para\u00eetre d\u00e9favorablement \u00e0 nous-m\u00eames ou \u00e0 nos entreprises accr\u00e9dit\u00e9es ;&nbsp;(b) l\u2019organisation n\u2019a pas de dossiers n\u00e9gatifs avec nous;&nbsp;(c) le b\u00e9n\u00e9fice pour nous de la visibilit\u00e9 du lien hypertexte compense l\u2019absence de SoFragrance ;&nbsp;et d) le lien s\u2019inscrit dans le contexte d\u2019informations g\u00e9n\u00e9rales sur les ressources.<\/p>\n\n\n\n<p>Ces organisations peuvent cr\u00e9er un lien vers notre page d\u2019accueil tant que le lien: (a) n\u2019est en aucun cas trompeur;&nbsp;(b) n\u2019implique pas faussement le parrainage, l\u2019approbation ou l\u2019approbation de la partie qui \u00e9tablit le lien et de ses produits ou services;&nbsp;et (c) s\u2019inscrit dans le contexte du site de la partie liante.<\/p>\n\n\n\n<p>Si vous \u00eates l\u2019une des organisations \u00e9num\u00e9r\u00e9es au paragraphe 2 ci-dessus et que vous souhaitez cr\u00e9er un lien vers notre site Web, vous devez nous en informer en envoyant un e-mail \u00e0 SoFragrance.&nbsp;Veuillez inclure votre nom, le nom de votre organisation, vos coordonn\u00e9es ainsi que l\u2019URL de votre site, une liste de toutes les URL \u00e0 partir desquelles vous avez l\u2019intention de cr\u00e9er un lien vers notre site Web et une liste des URL de notre site vers lesquelles vous souhaitez cr\u00e9er un lien.&nbsp;Attendez 2-3 semaines pour une r\u00e9ponse.<\/p>\n\n\n\n<p>Les organisations approuv\u00e9es peuvent cr\u00e9er un hyperlien vers notre site Web comme suit :<\/p>\n\n\n\n<ul>\n<li>Par l\u2019utilisation de notre d\u00e9nomination sociale;&nbsp;ou<\/li>\n\n\n\n<li>En utilisant le localisateur de ressources uniforme auquel il est li\u00e9;&nbsp;ou<\/li>\n\n\n\n<li>En utilisant toute autre description de notre site Web li\u00e9 qui a du sens dans le contexte et le format du contenu sur le site de la partie liante.<\/li>\n<\/ul>\n\n\n\n<p>Aucune utilisation du logo de SoFragrance ou d\u2019autres illustrations ne sera autoris\u00e9e pour cr\u00e9er un lien en l\u2019absence d\u2019un contrat de licence de marque.<\/p>\n\n\n\n<h3 class=\"wp-block-heading\"><strong>iFrames<\/strong><\/h3>\n\n\n\n<p>Sans approbation pr\u00e9alable et autorisation \u00e9crite, vous ne pouvez pas cr\u00e9er de cadres autour de nos pages Web qui modifient de quelque mani\u00e8re que ce soit la pr\u00e9sentation visuelle ou l\u2019apparence de notre site Web.<\/p>\n\n\n\n<h3 class=\"wp-block-heading\"><strong>Responsabilit\u00e9 relative au contenu<\/strong><\/h3>\n\n\n\n<p>Nous ne serons pas tenus responsables de tout contenu qui appara\u00eet sur votre site Web.&nbsp;Vous acceptez de nous prot\u00e9ger et de nous d\u00e9fendre contre toutes les r\u00e9clamations qui s\u2019\u00e9l\u00e8vent sur votre site Web.&nbsp;Aucun lien ne doit appara\u00eetre sur un site Web qui peut \u00eatre interpr\u00e9t\u00e9 comme diffamatoire, obsc\u00e8ne ou criminel, ou qui enfreint, viole ou pr\u00e9conise la violation ou toute autre violation des droits de tiers.<\/p>\n\n\n\n<h3 class=\"wp-block-heading\"><strong>Droits r\u00e9serv\u00e9s<\/strong><\/h3>\n\n\n\n<p>Nous nous r\u00e9servons le droit de vous demander de supprimer tous les liens ou tout lien particulier vers notre site Web.&nbsp;Vous acceptez de supprimer imm\u00e9diatement tous les liens vers notre site Web sur demande.&nbsp;Nous nous r\u00e9servons \u00e9galement le droit de modifier ces termes et conditions et sa politique de lien \u00e0 tout moment.&nbsp;En cr\u00e9ant continuellement un lien vers notre site Web, vous acceptez d\u2019\u00eatre li\u00e9 et de suivre ces termes et conditions de liaison.<\/p>\n\n\n\n<h3 class=\"wp-block-heading\"><strong>Suppression de liens de notre site Web<\/strong><\/h3>\n\n\n\n<p>Si vous trouvez un lien sur notre site Web qui est offensant pour quelque raison que ce soit, vous \u00eates libre de nous contacter et de nous en informer \u00e0 tout moment.&nbsp;Nous examinerons les demandes de suppression de liens, mais nous ne sommes pas oblig\u00e9s de vous r\u00e9pondre directement.<\/p>\n\n\n\n<p>Nous ne garantissons pas que les informations sur ce site Web sont correctes, nous ne garantissons pas leur exhaustivit\u00e9 ou leur exactitude;&nbsp;Nous ne promettons pas non plus de veiller \u00e0 ce que le site Web reste disponible ou que le mat\u00e9riel sur le site Web soit tenu \u00e0 jour.<\/p>\n\n\n\n<h3 class=\"wp-block-heading\"><strong>D\u00e9menti<\/strong><\/h3>\n\n\n\n<p>Dans toute la mesure permise par la loi applicable, nous excluons toutes les d\u00e9clarations, garanties et conditions relatives \u00e0 notre site Web et \u00e0 l\u2019utilisation de ce site Web.&nbsp;Rien dans cette clause de non-responsabilit\u00e9 ne :<\/p>\n\n\n\n<ul>\n<li>limiter ou exclure notre ou votre responsabilit\u00e9 en cas de d\u00e9c\u00e8s ou de blessure corporelle ;<\/li>\n\n\n\n<li>limiter ou exclure notre ou votre responsabilit\u00e9 en cas de fraude ou de fausse d\u00e9claration frauduleuse ;<\/li>\n\n\n\n<li>limiter nos responsabilit\u00e9s ou les v\u00f4tres d\u2019une mani\u00e8re qui n\u2019est pas autoris\u00e9e par la loi applicable;&nbsp;ou<\/li>\n\n\n\n<li>exclure toute responsabilit\u00e9 de notre ou la v\u00f4tre qui ne peut \u00eatre exclue en vertu de la loi applicable.<\/li>\n<\/ul>\n\n\n\n<p>Les limitations et interdictions de responsabilit\u00e9 \u00e9nonc\u00e9es dans la pr\u00e9sente section et ailleurs dans la pr\u00e9sente clause de non-responsabilit\u00e9 : (a) sont soumises au paragraphe pr\u00e9c\u00e9dent ;&nbsp;et (b) r\u00e9gissent toutes les responsabilit\u00e9s d\u00e9coulant de la clause de non-responsabilit\u00e9, y compris les responsabilit\u00e9s contractuelles, d\u00e9lictuelles et pour violation d\u2019une obligation l\u00e9gale.<\/p>\n\n\n\n<p>Tant que le site Web et les informations et services sur le site Web sont fournis gratuitement, nous ne serons pas responsables de toute perte ou dommage de quelque nature que ce soit.<\/p>\n","protected":false},"excerpt":{"rendered":"<p>Termes et conditions Bienvenue chez SoFragrance.fr! Ces termes et conditions d\u00e9crivent les r\u00e8gles et r\u00e8glements pour l\u2019utilisation du site Web de SoFragrance, situ\u00e9 \u00e0 https\/\/:www.&nbsp;SoFragrance.fr. En acc\u00e9dant \u00e0 ce site Web, nous supposons que vous acceptez ces termes et conditions.&nbsp;Ne continuez pas \u00e0 utiliser SoFragrance.fr si vous n\u2019acceptez pas de prendre tous les termes et conditions \u00e9nonc\u00e9s sur cette page. La terminologie suivante s\u2019applique aux pr\u00e9sentes conditions g\u00e9n\u00e9rales, \u00e0 la d\u00e9claration de confidentialit\u00e9 et \u00e0 l\u2019avis de non-responsabilit\u00e9 et \u00e0 tous les accords: \u00ab&nbsp;Client&nbsp;\u00bb, \u00ab&nbsp;Vous&nbsp;\u00bb et \u00ab&nbsp;Votre&nbsp;\u00bb font r\u00e9f\u00e9rence \u00e0 vous, \u00e0 la personne connect\u00e9e \u00e0 ce site Web et\u2026<\/p>\n","protected":false},"author":1,"featured_media":0,"parent":0,"menu_order":0,"comment_status":"closed","ping_status":"closed","template":"","meta":[],"blocksy_meta":{"styles_descriptor":{"styles":{"desktop":"","tablet":"","mobile":""},"google_fonts":[],"version":5}},"_links":{"self":[{"href":"https:\/\/parfumeriesofragrance.fr\/index.php\/wp-json\/wp\/v2\/pages\/365"}],"collection":[{"href":"https:\/\/parfumeriesofragrance.fr\/index.php\/wp-json\/wp\/v2\/pages"}],"about":[{"href":"https:\/\/parfumeriesofragrance.fr\/index.php\/wp-json\/wp\/v2\/types\/page"}],"author":[{"embeddable":true,"href":"https:\/\/parfumeriesofragrance.fr\/index.php\/wp-json\/wp\/v2\/users\/1"}],"replies":[{"embeddable":true,"href":"https:\/\/parfumeriesofragrance.fr\/index.php\/wp-json\/wp\/v2\/comments?post=365"}],"version-history":[{"count":2,"href":"https:\/\/parfumeriesofragrance.fr\/index.php\/wp-json\/wp\/v2\/pages\/365\/revisions"}],"predecessor-version":[{"id":614,"href":"https:\/\/parfumeriesofragrance.fr\/index.php\/wp-json\/wp\/v2\/pages\/365\/revisions\/614"}],"wp:attachment":[{"href":"https:\/\/parfumeriesofragrance.fr\/index.php\/wp-json\/wp\/v2\/media?parent=365"}],"curies":[{"name":"wp","href":"https:\/\/api.w.org\/{rel}","templated":true}]}}