{"id":3,"date":"2023-06-18T12:56:05","date_gmt":"2023-06-18T10:56:05","guid":{"rendered":"https:\/\/cammarsens.monsieurcommercial.fr\/?page_id=3"},"modified":"2023-07-13T20:57:34","modified_gmt":"2023-07-13T18:57:34","slug":"politique-de-confidentialite","status":"publish","type":"page","link":"https:\/\/parfumeriesofragrance.fr\/index.php\/politique-de-confidentialite\/","title":{"rendered":"Politique de confidentialit\u00e9"},"content":{"rendered":"\n<h1 class=\"wp-block-heading\">Politique de confidentialit\u00e9 pour Sofragrance<\/h1>\n\n\n\n<p>Au SoFragrance.fr, accessible depuis https\/\/:www.&nbsp;Sofragrance.fr, l\u2019une de nos principales priorit\u00e9s est la vie priv\u00e9e de nos visiteurs.&nbsp;Ce document de politique de confidentialit\u00e9 contient des types d\u2019informations collect\u00e9es et enregistr\u00e9es par SoFragrance.fr et la fa\u00e7on dont nous les utilisons.<\/p>\n\n\n\n<p>Si vous avez des questions suppl\u00e9mentaires ou si vous avez besoin de plus d\u2019informations sur notre politique de confidentialit\u00e9, n\u2019h\u00e9sitez pas \u00e0 nous contacter.<\/p>\n\n\n\n<p>Cette politique de confidentialit\u00e9 s\u2019applique uniquement \u00e0 nos activit\u00e9s en ligne et est valable pour les visiteurs de notre site Web en ce qui concerne les informations qu\u2019ils ont partag\u00e9es et \/ ou collect\u00e9es dans SoFragrance.fr.&nbsp;Cette politique ne s\u2019applique pas aux informations collect\u00e9es hors ligne ou via des canaux autres que ce site Web.<\/p>\n\n\n\n<h2 class=\"wp-block-heading\">Consentement<\/h2>\n\n\n\n<p>En utilisant notre site Web, vous consentez par la pr\u00e9sente \u00e0 notre politique de confidentialit\u00e9 et acceptez ses conditions.<\/p>\n\n\n\n<h2 class=\"wp-block-heading\">Informations que nous recueillons<\/h2>\n\n\n\n<p>Les renseignements personnels qu\u2019on vous demande de fournir, et les raisons pour lesquelles on vous demande de les fournir, vous seront clairement indiqu\u00e9s au moment o\u00f9 nous vous demanderons de fournir vos renseignements personnels.<\/p>\n\n\n\n<p>Si vous nous contactez directement, nous pouvons recevoir des informations suppl\u00e9mentaires vous concernant, telles que votre nom, votre adresse e-mail, votre num\u00e9ro de t\u00e9l\u00e9phone, le contenu du message et\/ou des pi\u00e8ces jointes que vous pouvez nous envoyer, et toute autre information que vous pouvez choisir de fournir.<\/p>\n\n\n\n<p>Lorsque vous vous inscrivez pour un compte, nous pouvons vous demander vos coordonn\u00e9es, y compris des \u00e9l\u00e9ments tels que le nom, le nom de l\u2019entreprise, l\u2019adresse, l\u2019adresse e-mail et le num\u00e9ro de t\u00e9l\u00e9phone.<\/p>\n\n\n\n<h2 class=\"wp-block-heading\">Comment nous utilisons vos informations<\/h2>\n\n\n\n<p>Nous utilisons les informations que nous recueillons de diverses mani\u00e8res, notamment pour :<\/p>\n\n\n\n<ul>\n<li>Fournir, exploiter et maintenir notre site Web<\/li>\n\n\n\n<li>Am\u00e9liorer, personnaliser et d\u00e9velopper notre site Web<\/li>\n\n\n\n<li>Comprendre et analyser comment vous utilisez notre site Web<\/li>\n\n\n\n<li>D\u00e9velopper de nouveaux produits, services, caract\u00e9ristiques et fonctionnalit\u00e9s<\/li>\n\n\n\n<li>Communiquer avec vous, directement ou par l\u2019interm\u00e9diaire de l\u2019un de nos partenaires, y compris pour le service \u00e0 la client\u00e8le, pour vous fournir des mises \u00e0 jour et d\u2019autres informations relatives au site Web, et \u00e0 des fins de marketing et de promotion<\/li>\n\n\n\n<li>Vous envoyer des e-mails<\/li>\n\n\n\n<li>D\u00e9tecter et pr\u00e9venir la fraude<\/li>\n<\/ul>\n\n\n\n<h2 class=\"wp-block-heading\">Fichiers journaux<\/h2>\n\n\n\n<p>SoFragrance.fr suit une proc\u00e9dure standard d\u2019utilisation des fichiers journaux.&nbsp;Ces fichiers enregistrent les visiteurs lorsqu\u2019ils visitent des sites Web.&nbsp;Toutes les soci\u00e9t\u00e9s d\u2019h\u00e9bergement le font et une partie de l\u2019analyse des services d\u2019h\u00e9bergement.&nbsp;Les informations collect\u00e9es par les fichiers journaux comprennent les adresses de protocole Internet (IP), le type de navigateur, le fournisseur d\u2019acc\u00e8s Internet (FAI), l\u2019horodatage, les pages de renvoi \/ sortie et \u00e9ventuellement le nombre de clics.&nbsp;Ceux-ci ne sont li\u00e9s \u00e0 aucune information personnellement identifiable.&nbsp;Le but de l\u2019information est d\u2019analyser les tendances, d\u2019administrer le site, de suivre les mouvements des utilisateurs sur le site Web et de recueillir des informations d\u00e9mographiques.<\/p>\n\n\n\n<h2 class=\"wp-block-heading\">Cookies et balises Web<\/h2>\n\n\n\n<p>Comme tout autre site Web, SoFragrance.fr utilise des \u00ab cookies \u00bb.&nbsp;Ces cookies sont utilis\u00e9s pour stocker des informations, y compris les pr\u00e9f\u00e9rences des visiteurs et les pages du site Web auxquelles le visiteur a acc\u00e9d\u00e9 ou visit\u00e9.&nbsp;Les informations sont utilis\u00e9es pour optimiser l\u2019exp\u00e9rience des utilisateurs en personnalisant le contenu de notre page Web en fonction du type de navigateur des visiteurs et \/ ou d\u2019autres informations.<\/p>\n\n\n\n<h2 class=\"wp-block-heading\">Politiques de confidentialit\u00e9 des partenaires publicitaires<\/h2>\n\n\n\n<p>Vous pouvez consulter cette liste pour trouver la politique de confidentialit\u00e9 de chacun des partenaires publicitaires de SoFragrance.fr.<\/p>\n\n\n\n<p>Les serveurs publicitaires tiers ou les r\u00e9seaux publicitaires utilisent des technologies telles que les cookies, JavaScript ou les balises Web qui sont utilis\u00e9es dans leurs publicit\u00e9s respectives et les liens qui apparaissent sur SoFragrance.fr, qui sont envoy\u00e9s directement au navigateur des utilisateurs.&nbsp;Ils re\u00e7oivent automatiquement votre adresse IP lorsque cela se produit.&nbsp;Ces technologies sont utilis\u00e9es pour mesurer l\u2019efficacit\u00e9 de leurs campagnes publicitaires et\/ou pour personnaliser le contenu publicitaire que vous voyez sur les sites Web que vous visitez.<\/p>\n\n\n\n<p>Notez que SoFragrance.fr n\u2019a aucun acc\u00e8s ni contr\u00f4le sur ces cookies utilis\u00e9s par des annonceurs tiers.<\/p>\n\n\n\n<h2 class=\"wp-block-heading\">Politiques de confidentialit\u00e9 des tiers<\/h2>\n\n\n\n<p>La politique de confidentialit\u00e9 de SoFragrance.fr ne s\u2019applique pas aux autres annonceurs ou sites Web.&nbsp;Ainsi, nous vous conseillons de consulter les politiques de confidentialit\u00e9 respectives de ces serveurs publicitaires tiers pour des informations plus d\u00e9taill\u00e9es.&nbsp;Il peut inclure leurs pratiques et des instructions sur la fa\u00e7on de se retirer de certaines options.<\/p>\n\n\n\n<p>Vous pouvez choisir de d\u00e9sactiver les cookies via les options de votre navigateur individuel.&nbsp;Pour conna\u00eetre des informations plus d\u00e9taill\u00e9es sur la gestion des cookies avec des navigateurs Web sp\u00e9cifiques, vous pouvez les trouver sur les sites Web respectifs des navigateurs.<\/p>\n\n\n\n<h2 class=\"wp-block-heading\">Droits \u00e0 la vie priv\u00e9e de l\u2019ACCP (ne pas vendre mes informations personnelles)<\/h2>\n\n\n\n<p>En vertu de la CCPA, entre autres droits, les consommateurs californiens ont le droit de:<\/p>\n\n\n\n<p>Demander \u00e0 une entreprise qui recueille les donn\u00e9es personnelles d\u2019un consommateur de divulguer les cat\u00e9gories et les \u00e9l\u00e9ments sp\u00e9cifiques de donn\u00e9es personnelles qu\u2019une entreprise a collect\u00e9s sur les consommateurs.<\/p>\n\n\n\n<p>Demander \u00e0 une entreprise de supprimer toutes les donn\u00e9es personnelles sur le consommateur qu\u2019une entreprise a collect\u00e9es.<\/p>\n\n\n\n<p>Demander \u00e0 une entreprise qui vend les donn\u00e9es personnelles d\u2019un consommateur de ne pas vendre les donn\u00e9es personnelles du consommateur.<\/p>\n\n\n\n<p>Si vous faites une demande, nous avons un mois pour vous r\u00e9pondre.&nbsp;Si vous souhaitez exercer l\u2019un de ces droits, veuillez nous contacter.<\/p>\n\n\n\n<h2 class=\"wp-block-heading\">Droits en mati\u00e8re de protection des donn\u00e9es RGPD<\/h2>\n\n\n\n<p>Nous tenons \u00e0 nous assurer que vous \u00eates pleinement conscient de tous vos droits en mati\u00e8re de protection des donn\u00e9es.&nbsp;Chaque utilisateur a droit \u00e0 ce qui suit :<\/p>\n\n\n\n<p>Le droit d\u2019acc\u00e8s \u2013 Vous avez le droit de demander des copies de vos donn\u00e9es personnelles.&nbsp;Nous pouvons vous facturer des frais minimes pour ce service.<\/p>\n\n\n\n<p>Le droit de rectification \u2013 Vous avez le droit de nous demander de corriger toute information que vous jugez inexacte.&nbsp;Vous avez \u00e9galement le droit de nous demander de compl\u00e9ter les informations que vous jugez incompl\u00e8tes.<\/p>\n\n\n\n<p>Le droit \u00e0 l\u2019effacement \u2013 Vous avez le droit de demander que nous effacions vos donn\u00e9es personnelles, sous certaines conditions.<\/p>\n\n\n\n<p>Le droit de restreindre le traitement \u2013 Vous avez le droit de demander que nous limitions le traitement de vos donn\u00e9es personnelles, sous certaines conditions.<\/p>\n\n\n\n<p>Le droit de s\u2019opposer au traitement \u2013 Vous avez le droit de vous opposer au traitement de vos donn\u00e9es personnelles, sous certaines conditions.<\/p>\n\n\n\n<p>Le droit \u00e0 la portabilit\u00e9 des donn\u00e9es \u2013 Vous avez le droit de demander que nous transf\u00e9rions les donn\u00e9es que nous avons collect\u00e9es \u00e0 une autre organisation, ou directement \u00e0 vous, sous certaines conditions.<\/p>\n\n\n\n<p>Si vous faites une demande, nous avons un mois pour vous r\u00e9pondre.&nbsp;Si vous souhaitez exercer l\u2019un de ces droits, veuillez nous contacter.<\/p>\n\n\n\n<h2 class=\"wp-block-heading\">Renseignements sur les enfants<\/h2>\n\n\n\n<p>Une autre partie de notre priorit\u00e9 est d\u2019ajouter une protection pour les enfants lors de l\u2019utilisation d\u2019Internet.&nbsp;Nous encourageons les parents et les tuteurs \u00e0 observer, participer et\/ou surveiller et guider leur activit\u00e9 en ligne.<\/p>\n\n\n\n<p>SoFragrance.fr ne recueille pas sciemment d\u2019informations personnelles identifiables aupr\u00e8s d\u2019enfants de moins de 13 ans.&nbsp;Si vous pensez que votre enfant a fourni ce type d\u2019informations sur notre site Web, nous vous encourageons fortement \u00e0 nous contacter imm\u00e9diatement et nous ferons de notre mieux pour supprimer rapidement ces informations de nos dossiers.<\/p>\n\n\n\n<h2 class=\"wp-block-heading\">Modifications de cette politique de confidentialit\u00e9<\/h2>\n\n\n\n<p>Nous pouvons mettre \u00e0 jour notre politique de confidentialit\u00e9 de temps \u00e0 autre.&nbsp;Ainsi, nous vous conseillons de consulter cette page p\u00e9riodiquement pour tout changement.&nbsp;Nous vous informerons de tout changement en publiant la nouvelle politique de confidentialit\u00e9 sur cette page.&nbsp;Ces modifications entrent en vigueur imm\u00e9diatement, apr\u00e8s leur publication sur cette page.<\/p>\n\n\n\n<p>Notre politique de confidentialit\u00e9 a \u00e9t\u00e9 cr\u00e9\u00e9e \u00e0 l\u2019aide du&nbsp;<a href=\"https:\/\/www.termsfeed.com\/privacy-policy-generator\/\" target=\"_blank\" rel=\"noopener\">g\u00e9n\u00e9rateur de politique de confidentialit\u00e9<\/a>.<\/p>\n\n\n\n<h2 class=\"wp-block-heading\">Contactez-nous<\/h2>\n\n\n\n<p>Si vous avez des questions ou des suggestions concernant notre politique de confidentialit\u00e9, n\u2019h\u00e9sitez pas \u00e0 nous contacter.<\/p>\n","protected":false},"excerpt":{"rendered":"<p>Politique de confidentialit\u00e9 pour Sofragrance Au SoFragrance.fr, accessible depuis https\/\/:www.&nbsp;Sofragrance.fr, l\u2019une de nos principales priorit\u00e9s est la vie priv\u00e9e de nos visiteurs.&nbsp;Ce document de politique de confidentialit\u00e9 contient des types d\u2019informations collect\u00e9es et enregistr\u00e9es par SoFragrance.fr et la fa\u00e7on dont nous les utilisons. Si vous avez des questions suppl\u00e9mentaires ou si vous avez besoin de plus d\u2019informations sur notre politique de confidentialit\u00e9, n\u2019h\u00e9sitez pas \u00e0 nous contacter. Cette politique de confidentialit\u00e9 s\u2019applique uniquement \u00e0 nos activit\u00e9s en ligne et est valable pour les visiteurs de notre site Web en ce qui concerne les informations qu\u2019ils ont partag\u00e9es et \/ ou\u2026<\/p>\n","protected":false},"author":1,"featured_media":0,"parent":0,"menu_order":0,"comment_status":"closed","ping_status":"open","template":"","meta":[],"blocksy_meta":"","_links":{"self":[{"href":"https:\/\/parfumeriesofragrance.fr\/index.php\/wp-json\/wp\/v2\/pages\/3"}],"collection":[{"href":"https:\/\/parfumeriesofragrance.fr\/index.php\/wp-json\/wp\/v2\/pages"}],"about":[{"href":"https:\/\/parfumeriesofragrance.fr\/index.php\/wp-json\/wp\/v2\/types\/page"}],"author":[{"embeddable":true,"href":"https:\/\/parfumeriesofragrance.fr\/index.php\/wp-json\/wp\/v2\/users\/1"}],"replies":[{"embeddable":true,"href":"https:\/\/parfumeriesofragrance.fr\/index.php\/wp-json\/wp\/v2\/comments?post=3"}],"version-history":[{"count":2,"href":"https:\/\/parfumeriesofragrance.fr\/index.php\/wp-json\/wp\/v2\/pages\/3\/revisions"}],"predecessor-version":[{"id":606,"href":"https:\/\/parfumeriesofragrance.fr\/index.php\/wp-json\/wp\/v2\/pages\/3\/revisions\/606"}],"wp:attachment":[{"href":"https:\/\/parfumeriesofragrance.fr\/index.php\/wp-json\/wp\/v2\/media?parent=3"}],"curies":[{"name":"wp","href":"https:\/\/api.w.org\/{rel}","templated":true}]}}